{"id":30,"date":"2020-04-03T10:00:53","date_gmt":"2020-04-03T10:00:53","guid":{"rendered":"https:\/\/www.sahra-damus.de\/wordpress?page_id=30"},"modified":"2022-11-17T11:01:27","modified_gmt":"2022-11-17T11:01:27","slug":"ueber-mich","status":"publish","type":"page","link":"https:\/\/www.sahra-damus.de\/wordpress\/ueber-mich\/","title":{"rendered":"\u00dcber mich"},"content":{"rendered":"<ul>\n<li>Seit September 2019 bin ich b\u00fcndnisgr\u00fcne Landtagsabgeordnete f\u00fcr den Wahlkreis Frankfurt (Oder). Zudem bin ich f\u00fcr den\u00a0 Landkreis M\u00e4rkisch Oderland zust\u00e4ndig. Im Landtag m\u00f6chte ich eine starke Stimme f\u00fcr Ostbrandenburg sein! Anfang 2022 kam mein Sohn zur Welt.<\/li>\n<li>Meine Themen im Landtag sind einerseits Wissenschaft, Forschung und Kultur, andererseits Gleichstellung-, Frauen*- und Queerpolitik sowie Verbraucher*innenschutz. Weitere Herzensthemen von mir sind die Kommunalpolitik und deutsch-polnische Themen.<\/li>\n<li>Ich vertrete meine Fraktion im <strong><strong>Ausschuss f\u00fcr Wissenschaft, Forschung und Kultur (AFWK) <\/strong><\/strong>und<strong><strong> im <\/strong>Untersuchungsausschuss zur Untersuchung der Krisenpolitik der Landesregierung im Zusammenhang mit dem Coronavirus SARS-CoV-2 und der Erkrankung COVID-19. <\/strong> Ich bin Stellvertreterin im <strong>Ausschuss f\u00fcr Soziales, Gesundheit, Integration und Verbraucherschutz (ASGIV),<\/strong> im<strong><strong> Ausschuss f\u00fcr Inneres und Kommunales (AIK)<\/strong><\/strong>, sowie im <strong>Ausschuss f\u00fcr Europaangelegenheiten und Entwicklungspolitik (AEE). <\/strong>Au\u00dferdem vertrete ich meine Fraktion im <strong><strong><strong>Landeskleingartenbeirat.<\/strong><\/strong><\/strong><\/li>\n<li>Urspr\u00fcnglich komme ich aus Brandenburg (Havel), wo ich 1982 geboren bin. Seit 2002 lebe ich in Frankfurt (Oder). Hier habe ich Kultur-, Sozial- und Sprachwissenschaften studiert.<\/li>\n<li>Vor meinem Abgeordnetenmandat habe ich als wissenschaftliche Mitarbeiterin an der Europa-Universit\u00e4t Viadrina gearbeitet. Zun\u00e4chst von 2009-2015 in einem sprachwissenschaftlichen Forschungsprojekt und seit 2010 parallel als gew\u00e4hlte Gleichstellungsbeauftragte. Von 2014-2019 habe ich das Amt hauptberuflich ausge\u00fcbt. Seit 2013 war ich stellvertretende Vorsitzende der Landeskonferenz der Gleichstellungsbeauftragten an brandenburgischen Hochschulen.<\/li>\n<li>Seit 2014 bin ich b\u00fcndnisgr\u00fcne Stadtverordnete, seit 2018 auch Fraktionsvorsitzende. 2019 wurde ich erneut in die Stadtverordnetenversammlung gew\u00e4hlt.<\/li>\n<li>In der Gewerkschaft Erziehung und Wissenschaft engagiere ich mich seit 2010 auf Landes- und Bundesebene.<\/li>\n<li>Zu den B\u00fcndnisgr\u00fcnen gekommen bin ich 2008 \u00fcber die B\u00fcrger*inneninitiative ProTram f\u00fcr eine Stra\u00dfenbahn \u00fcber die Oder zwischen Frankfurt und S\u0142ubice, Parteimitglied bin ich seit 2013.<\/li>\n<li>Ich bin Aufsichtsratsmitglied der Frankfurter Wasser- und Abwassergesellschaft. Von 2015-2019 war ich Aufsichtsratsmitglied der Wohnungswirtschaft Frankfurt (Oder) und von 2018-2019 Mitglied des Braunkohlenausschusses des Landes Brandenburg.<\/li>\n<li>Privat verbringe ich m\u00f6glichst viel Zeit in meinem Schrebergarten, fotografiere gerne und bin ein absoluter Nachtzugfan!<\/li>\n<\/ul>\n<p>&nbsp;<\/p>\n<h2>Meine politischen Ziele<\/h2>\n<p><em>\u201eLiebe Frankfurter*innen, liebe Brandenburger*innen,<\/em><\/p>\n<p><em>ich engagiere mich seit vielen Jahren politisch, ehrenamtlich und gewerkschaftlich in Frankfurt (Oder) und Ostbrandenburg. <\/em><\/p>\n<p><em>Vor meiner Zeit im Landtag war ich bereits einige Jahre als Kommunalpolitikerin aktiv. Das umfasste ein breites Themenspektrum: von Stra\u00dfenausbau bis Kita-Sanierung, von der Unterbringung Gefl\u00fcchteter bis zum Naturschutz. Als Gewerkschafterin und Gleichstellungsbeauftragte setzte ich mich gegen prek\u00e4re Arbeit, f\u00fcr mehr Familienfreundlichkeit und die Akzeptanz der Geschlechtervielfalt ein.\u00a0<\/em><\/p>\n<p><em>So habe ich gelernt, wie viel auf lokaler Ebene entschieden wird und wie viel wir mitbestimmen k\u00f6nnen. Und ich habe auch gelernt, an welchen Stellschrauben man in der Landespolitik drehen muss, damit es vor Ort besser wird. <\/em><\/p>\n<p><em>Nur zusammen kommen wir bei der Infrastruktur- und Verkehrspolitik, der Versorgung mit Pflegekr\u00e4ften und Hebammen und der Chancengleichheit von Kindern voran. Gemeinsam sorgen wir sowohl in den Kommunen als auch im Land f\u00fcr den dringend notwendigen Klimaschutz und f\u00fcr zukunftsf\u00e4hige Arbeitspl\u00e4tze in unserer vom Strukturwandel gepr\u00e4gten Region. Dabei stehen wir klar f\u00fcr Integration und Weltoffenheit statt f\u00fcr Hass und Hetze.<\/em><\/p>\n<p><em>Ihre Sahra Damus\u201c<\/em><\/p>\n","protected":false},"excerpt":{"rendered":"<p>Seit September 2019 bin ich b\u00fcndnisgr\u00fcne Landtagsabgeordnete f\u00fcr den Wahlkreis Frankfurt (Oder). Zudem bin ich f\u00fcr den\u00a0 Landkreis M\u00e4rkisch Oderland zust\u00e4ndig. Im Landtag m\u00f6chte ich eine starke Stimme f\u00fcr Ostbrandenburg [&hellip;]<\/p>\n","protected":false},"author":1,"featured_media":0,"parent":0,"menu_order":0,"comment_status":"closed","ping_status":"closed","template":"page-sidebar.php","meta":{"footnotes":""},"class_list":["post-30","page","type-page","status-publish","hentry"],"_links":{"self":[{"href":"https:\/\/www.sahra-damus.de\/wordpress\/wp-json\/wp\/v2\/pages\/30","targetHints":{"allow":["GET"]}}],"collection":[{"href":"https:\/\/www.sahra-damus.de\/wordpress\/wp-json\/wp\/v2\/pages"}],"about":[{"href":"https:\/\/www.sahra-damus.de\/wordpress\/wp-json\/wp\/v2\/types\/page"}],"author":[{"embeddable":true,"href":"https:\/\/www.sahra-damus.de\/wordpress\/wp-json\/wp\/v2\/users\/1"}],"replies":[{"embeddable":true,"href":"https:\/\/www.sahra-damus.de\/wordpress\/wp-json\/wp\/v2\/comments?post=30"}],"version-history":[{"count":43,"href":"https:\/\/www.sahra-damus.de\/wordpress\/wp-json\/wp\/v2\/pages\/30\/revisions"}],"predecessor-version":[{"id":1468,"href":"https:\/\/www.sahra-damus.de\/wordpress\/wp-json\/wp\/v2\/pages\/30\/revisions\/1468"}],"wp:attachment":[{"href":"https:\/\/www.sahra-damus.de\/wordpress\/wp-json\/wp\/v2\/media?parent=30"}],"curies":[{"name":"wp","href":"https:\/\/api.w.org\/{rel}","templated":true}]}}